{"id":167,"date":"2021-07-30T14:48:43","date_gmt":"2021-07-30T12:48:43","guid":{"rendered":"https:\/\/www.pepite-france.fr\/?page_id=167"},"modified":"2022-06-22T12:41:13","modified_gmt":"2022-06-22T10:41:13","slug":"find-my-pepite","status":"publish","type":"page","link":"https:\/\/www.pepite-france.fr\/en\/find-my-pepite\/","title":{"rendered":"Find my P\u00e9pite"},"content":{"rendered":"","protected":false},"excerpt":{"rendered":"<p> [&#8230;]<\/p>\n<p><a class=\"btn btn-secondary understrap-read-more-link\" href=\"https:\/\/www.pepite-france.fr\/en\/find-my-pepite\/\">Read More&#8230;<span class=\"screen-reader-text\"> from Find my P\u00e9pite<\/span><\/a><\/p>\n","protected":false},"author":5,"featured_media":0,"parent":0,"menu_order":0,"comment_status":"closed","ping_status":"closed","template":"page-trouver-mon-pepite.php","meta":{"_acf_changed":false,"inline_featured_image":false,"footnotes":""},"class_list":["post-167","page","type-page","status-publish","hentry"],"acf":[],"yoast_head":"<!-- This site is optimized with the Yoast SEO plugin v26.1.1 - https:\/\/yoast.com\/wordpress\/plugins\/seo\/ -->\n<title>Find my P\u00e9pite - P\u00e9pite France<\/title>\n<meta name=\"robots\" content=\"index, follow, max-snippet:-1, max-image-preview:large, max-video-preview:-1\" \/>\n<link rel=\"canonical\" href=\"https:\/\/www.pepite-france.fr\/en\/find-my-pepite\/\" \/>\n<meta property=\"og:locale\" content=\"en_US\" \/>\n<meta property=\"og:type\" content=\"article\" \/>\n<meta property=\"og:title\" content=\"Find my P\u00e9pite - P\u00e9pite France\" \/>\n<meta property=\"og:description\" content=\"[...]Read More... from Find my P\u00e9pite\" \/>\n<meta property=\"og:url\" content=\"https:\/\/www.pepite-france.fr\/en\/find-my-pepite\/\" \/>\n<meta property=\"og:site_name\" content=\"P\u00e9pite France\" \/>\n<meta property=\"article:publisher\" content=\"https:\/\/www.facebook.com\/PepiteFrance\" \/>\n<meta property=\"article:modified_time\" content=\"2022-06-22T10:41:13+00:00\" \/>\n<meta name=\"twitter:card\" content=\"summary_large_image\" \/>\n<meta name=\"twitter:site\" content=\"@pepitefrance\" \/>\n<script type=\"application\/ld+json\" class=\"yoast-schema-graph\">{\"@context\":\"https:\/\/schema.org\",\"@graph\":[{\"@type\":\"WebPage\",\"@id\":\"https:\/\/www.pepite-france.fr\/en\/find-my-pepite\/\",\"url\":\"https:\/\/www.pepite-france.fr\/en\/find-my-pepite\/\",\"name\":\"Find my P\u00e9pite - P\u00e9pite France\",\"isPartOf\":{\"@id\":\"https:\/\/www.pepite-france.fr\/en\/#website\"},\"datePublished\":\"2021-07-30T12:48:43+00:00\",\"dateModified\":\"2022-06-22T10:41:13+00:00\",\"breadcrumb\":{\"@id\":\"https:\/\/www.pepite-france.fr\/en\/find-my-pepite\/#breadcrumb\"},\"inLanguage\":\"en-US\",\"potentialAction\":[{\"@type\":\"ReadAction\",\"target\":[\"https:\/\/www.pepite-france.fr\/en\/find-my-pepite\/\"]}]},{\"@type\":\"BreadcrumbList\",\"@id\":\"https:\/\/www.pepite-france.fr\/en\/find-my-pepite\/#breadcrumb\",\"itemListElement\":[{\"@type\":\"ListItem\",\"position\":1,\"name\":\"Accueil\",\"item\":\"https:\/\/www.pepite-france.fr\/en\/\"},{\"@type\":\"ListItem\",\"position\":2,\"name\":\"Find my P\u00e9pite\"}]},{\"@type\":\"WebSite\",\"@id\":\"https:\/\/www.pepite-france.fr\/en\/#website\",\"url\":\"https:\/\/www.pepite-france.fr\/en\/\",\"name\":\"P\u00e9pite France\",\"description\":\"\",\"publisher\":{\"@id\":\"https:\/\/www.pepite-france.fr\/en\/#organization\"},\"potentialAction\":[{\"@type\":\"SearchAction\",\"target\":{\"@type\":\"EntryPoint\",\"urlTemplate\":\"https:\/\/www.pepite-france.fr\/en\/?s={search_term_string}\"},\"query-input\":{\"@type\":\"PropertyValueSpecification\",\"valueRequired\":true,\"valueName\":\"search_term_string\"}}],\"inLanguage\":\"en-US\"},{\"@type\":\"Organization\",\"@id\":\"https:\/\/www.pepite-france.fr\/en\/#organization\",\"name\":\"P\u00e9pite France\",\"url\":\"https:\/\/www.pepite-france.fr\/en\/\",\"logo\":{\"@type\":\"ImageObject\",\"inLanguage\":\"en-US\",\"@id\":\"https:\/\/www.pepite-france.fr\/en\/#\/schema\/logo\/image\/\",\"url\":\"https:\/\/www.pepite-france.fr\/wp-content\/uploads\/2021\/08\/logosite.svg\",\"contentUrl\":\"https:\/\/www.pepite-france.fr\/wp-content\/uploads\/2021\/08\/logosite.svg\",\"width\":189,\"height\":67,\"caption\":\"P\u00e9pite France\"},\"image\":{\"@id\":\"https:\/\/www.pepite-france.fr\/en\/#\/schema\/logo\/image\/\"},\"sameAs\":[\"https:\/\/www.facebook.com\/PepiteFrance\",\"https:\/\/x.com\/pepitefrance\",\"https:\/\/www.instagram.com\/pepitefrance\/?hl=fr\",\"https:\/\/www.linkedin.com\/company\/p\u00e9pite-france\",\"https:\/\/www.youtube.com\/c\/P\u00e9piteFrance\"]}]}<\/script>\n<!-- \/ Yoast SEO plugin. -->","yoast_head_json":{"title":"Find my P\u00e9pite - P\u00e9pite France","robots":{"index":"index","follow":"follow","max-snippet":"max-snippet:-1","max-image-preview":"max-image-preview:large","max-video-preview":"max-video-preview:-1"},"canonical":"https:\/\/www.pepite-france.fr\/en\/find-my-pepite\/","og_locale":"en_US","og_type":"article","og_title":"Find my P\u00e9pite - P\u00e9pite France","og_description":"[...]Read More... from Find my P\u00e9pite","og_url":"https:\/\/www.pepite-france.fr\/en\/find-my-pepite\/","og_site_name":"P\u00e9pite France","article_publisher":"https:\/\/www.facebook.com\/PepiteFrance","article_modified_time":"2022-06-22T10:41:13+00:00","twitter_card":"summary_large_image","twitter_site":"@pepitefrance","schema":{"@context":"https:\/\/schema.org","@graph":[{"@type":"WebPage","@id":"https:\/\/www.pepite-france.fr\/en\/find-my-pepite\/","url":"https:\/\/www.pepite-france.fr\/en\/find-my-pepite\/","name":"Find my P\u00e9pite - P\u00e9pite France","isPartOf":{"@id":"https:\/\/www.pepite-france.fr\/en\/#website"},"datePublished":"2021-07-30T12:48:43+00:00","dateModified":"2022-06-22T10:41:13+00:00","breadcrumb":{"@id":"https:\/\/www.pepite-france.fr\/en\/find-my-pepite\/#breadcrumb"},"inLanguage":"en-US","potentialAction":[{"@type":"ReadAction","target":["https:\/\/www.pepite-france.fr\/en\/find-my-pepite\/"]}]},{"@type":"BreadcrumbList","@id":"https:\/\/www.pepite-france.fr\/en\/find-my-pepite\/#breadcrumb","itemListElement":[{"@type":"ListItem","position":1,"name":"Accueil","item":"https:\/\/www.pepite-france.fr\/en\/"},{"@type":"ListItem","position":2,"name":"Find my P\u00e9pite"}]},{"@type":"WebSite","@id":"https:\/\/www.pepite-france.fr\/en\/#website","url":"https:\/\/www.pepite-france.fr\/en\/","name":"P\u00e9pite France","description":"","publisher":{"@id":"https:\/\/www.pepite-france.fr\/en\/#organization"},"potentialAction":[{"@type":"SearchAction","target":{"@type":"EntryPoint","urlTemplate":"https:\/\/www.pepite-france.fr\/en\/?s={search_term_string}"},"query-input":{"@type":"PropertyValueSpecification","valueRequired":true,"valueName":"search_term_string"}}],"inLanguage":"en-US"},{"@type":"Organization","@id":"https:\/\/www.pepite-france.fr\/en\/#organization","name":"P\u00e9pite France","url":"https:\/\/www.pepite-france.fr\/en\/","logo":{"@type":"ImageObject","inLanguage":"en-US","@id":"https:\/\/www.pepite-france.fr\/en\/#\/schema\/logo\/image\/","url":"https:\/\/www.pepite-france.fr\/wp-content\/uploads\/2021\/08\/logosite.svg","contentUrl":"https:\/\/www.pepite-france.fr\/wp-content\/uploads\/2021\/08\/logosite.svg","width":189,"height":67,"caption":"P\u00e9pite France"},"image":{"@id":"https:\/\/www.pepite-france.fr\/en\/#\/schema\/logo\/image\/"},"sameAs":["https:\/\/www.facebook.com\/PepiteFrance","https:\/\/x.com\/pepitefrance","https:\/\/www.instagram.com\/pepitefrance\/?hl=fr","https:\/\/www.linkedin.com\/company\/p\u00e9pite-france","https:\/\/www.youtube.com\/c\/P\u00e9piteFrance"]}]}},"_links":{"self":[{"href":"https:\/\/www.pepite-france.fr\/en\/wp-json\/wp\/v2\/pages\/167","targetHints":{"allow":["GET"]}}],"collection":[{"href":"https:\/\/www.pepite-france.fr\/en\/wp-json\/wp\/v2\/pages"}],"about":[{"href":"https:\/\/www.pepite-france.fr\/en\/wp-json\/wp\/v2\/types\/page"}],"author":[{"embeddable":true,"href":"https:\/\/www.pepite-france.fr\/en\/wp-json\/wp\/v2\/users\/5"}],"replies":[{"embeddable":true,"href":"https:\/\/www.pepite-france.fr\/en\/wp-json\/wp\/v2\/comments?post=167"}],"version-history":[{"count":3,"href":"https:\/\/www.pepite-france.fr\/en\/wp-json\/wp\/v2\/pages\/167\/revisions"}],"predecessor-version":[{"id":6375,"href":"https:\/\/www.pepite-france.fr\/en\/wp-json\/wp\/v2\/pages\/167\/revisions\/6375"}],"wp:attachment":[{"href":"https:\/\/www.pepite-france.fr\/en\/wp-json\/wp\/v2\/media?parent=167"}],"curies":[{"name":"wp","href":"https:\/\/api.w.org\/{rel}","templated":true}]}}